{"id":16131,"date":"2025-07-24T10:13:46","date_gmt":"2025-07-24T08:13:46","guid":{"rendered":"https:\/\/containers-maypesl.com\/?page_id=16131"},"modified":"2025-07-24T10:13:48","modified_gmt":"2025-07-24T08:13:48","slug":"informacion-legal","status":"publish","type":"page","link":"https:\/\/containers-maypesl.com\/index.php\/informacion-legal\/","title":{"rendered":"INFORMACI\u00d3N LEGAL"},"content":{"rendered":"\n<h5 class=\"wp-block-heading\"><strong>1. Datos de la empresa<\/strong><\/h5>\n\n\n\n<ul class=\"wp-block-list\">\n<li><strong>Raz\u00f3n social:<\/strong>\u00a0CONTAINERS MAYPE SL<\/li>\n\n\n\n<li><strong>CIF:<\/strong>\u00a0B62545215<\/li>\n\n\n\n<li><strong>Forma jur\u00eddica:<\/strong>\u00a0Sociedad Limitada<\/li>\n\n\n\n<li><strong>Actividad principal:<\/strong>\u00a05210 \/ Entreposage y almacenamiento<\/li>\n\n\n\n<li><strong>Direcci\u00f3n:<\/strong>Calle franc comtat, 313, terrassa, 08224, Barcelona<\/li>\n\n\n\n<li><strong>Tel\u00e9fono:<\/strong>\u00a0+34 682 56 18 20<\/li>\n\n\n\n<li><strong>Correo electr\u00f3nico:<\/strong>  \u00a0<a>contacto@containers-maypesl.com<\/a><\/li>\n\n\n\n<li><strong>Sitio web:<\/strong>  \u00a0<a href=\"https:\/\/logio-contenedores.es\/\"><a>containers-maypesl.com<\/a><\/a><\/li>\n<\/ul>\n\n\n\n<h5 class=\"wp-block-heading\"><strong>2. Objeto del sitio web<\/strong><\/h5>\n\n\n\n<p>El presente sitio web tiene como objetivo la venta de&nbsp;<strong>contenedores mar\u00edtimos nuevos y de ocasi\u00f3n<\/strong>, incluyendo frigor\u00edficos y sanitarios, con servicio de entrega en toda Espa\u00f1a.<\/p>\n\n\n\n<h5 class=\"wp-block-heading\"><strong>3. Propiedad intelectual<\/strong><\/h5>\n\n\n\n<p>Todos los contenidos del sitio web (<strong>textos, im\u00e1genes, logotipos, dise\u00f1o gr\u00e1fico<\/strong>) est\u00e1n protegidos por derechos de propiedad intelectual y no pueden ser reproducidos sin autorizaci\u00f3n.<\/p>\n\n\n\n<h5 class=\"wp-block-heading\"><strong>4. Protecci\u00f3n de datos personales<\/strong><\/h5>\n\n\n\n<ul class=\"wp-block-list\">\n<li><strong>Responsable del tratamiento:<\/strong>\u00a0<strong>CONTAINERS MAYPE SL<\/strong><\/li>\n\n\n\n<li><strong>Finalidad:<\/strong>\u00a0Gesti\u00f3n de pedidos, atenci\u00f3n al cliente y env\u00edo de informaci\u00f3n comercial.<\/li>\n\n\n\n<li><strong>Legitimaci\u00f3n:<\/strong>\u00a0Consentimiento del usuario y ejecuci\u00f3n del contrato de compra.<\/li>\n\n\n\n<li><strong>Derechos:<\/strong>\u00a0El usuario puede solicitar el acceso, rectificaci\u00f3n o eliminaci\u00f3n de sus datos escribiendo a\u00a0<strong>contacto@containers-maypesl.com<\/strong><\/li>\n<\/ul>\n\n\n\n<h5 class=\"wp-block-heading\"><strong>5. Legislaci\u00f3n aplicable<\/strong><\/h5>\n\n\n\n<p>Este sitio web y sus condiciones legales se rigen por la legislaci\u00f3n espa\u00f1ola. En caso de conflicto, las partes acuerdan someterse a los tribunales de&nbsp;<strong>Barcelona, Espa\u00f1a<\/strong>.<\/p>\n\n\n\n<h5 class=\"wp-block-heading\"><strong>6. Contacto<\/strong><\/h5>\n\n\n\n<p>Para cualquier consulta sobre la informaci\u00f3n legal, el usuario puede contactar con\u00a0<strong>CONTAINERS MAYPE SL<\/strong>\u00a0a trav\u00e9s de:<\/p>\n\n\n\n<p><br>\u00a0<strong>Correo electr\u00f3nico:<\/strong>\u00a0<a>contacto@containers-maypesl.com<\/a><br>\u00a0<strong>Tel\u00e9fono:<\/strong>\u00a0+34 682 56 18 20<\/p>\n","protected":false},"excerpt":{"rendered":"<p>1. Datos de la empresa 2. Objeto del sitio web El presente sitio web tiene como objetivo la venta de&nbsp;contenedores<\/p>\n","protected":false},"author":1,"featured_media":0,"parent":0,"menu_order":0,"comment_status":"closed","ping_status":"closed","template":"","meta":{"footnotes":""},"class_list":["post-16131","page","type-page","status-publish","hentry"],"_links":{"self":[{"href":"https:\/\/containers-maypesl.com\/index.php\/wp-json\/wp\/v2\/pages\/16131","targetHints":{"allow":["GET"]}}],"collection":[{"href":"https:\/\/containers-maypesl.com\/index.php\/wp-json\/wp\/v2\/pages"}],"about":[{"href":"https:\/\/containers-maypesl.com\/index.php\/wp-json\/wp\/v2\/types\/page"}],"author":[{"embeddable":true,"href":"https:\/\/containers-maypesl.com\/index.php\/wp-json\/wp\/v2\/users\/1"}],"replies":[{"embeddable":true,"href":"https:\/\/containers-maypesl.com\/index.php\/wp-json\/wp\/v2\/comments?post=16131"}],"version-history":[{"count":1,"href":"https:\/\/containers-maypesl.com\/index.php\/wp-json\/wp\/v2\/pages\/16131\/revisions"}],"predecessor-version":[{"id":16204,"href":"https:\/\/containers-maypesl.com\/index.php\/wp-json\/wp\/v2\/pages\/16131\/revisions\/16204"}],"wp:attachment":[{"href":"https:\/\/containers-maypesl.com\/index.php\/wp-json\/wp\/v2\/media?parent=16131"}],"curies":[{"name":"wp","href":"https:\/\/api.w.org\/{rel}","templated":true}]}}